{"id":24,"date":"2022-02-21T09:51:12","date_gmt":"2022-02-21T09:51:12","guid":{"rendered":"https:\/\/xstore.8theme.com\/elementor\/demos\/grocery-market\/?page_id=20"},"modified":"2023-04-25T15:37:06","modified_gmt":"2023-04-25T15:37:06","slug":"about-us","status":"publish","type":"page","link":"https:\/\/sana-distribution.fr\/index.php\/about-us\/","title":{"rendered":"About us"},"content":{"rendered":"\t\t<div data-elementor-type=\"wp-page\" data-elementor-id=\"24\" class=\"elementor elementor-24\" data-elementor-post-type=\"page\">\n\t\t\t\t\t\t\t\t\t<section class=\"elementor-section elementor-top-section elementor-element elementor-element-d81c1c2 elementor-section-content-middle elementor-section-boxed elementor-section-height-default elementor-section-height-default elementor-invisible\" data-id=\"d81c1c2\" data-element_type=\"section\" data-settings=\"{&quot;animation&quot;:&quot;fadeIn&quot;,&quot;background_background&quot;:&quot;classic&quot;}\">\n\t\t\t\t\t\t<div class=\"elementor-container elementor-column-gap-no\">\n\t\t\t\t\t<div class=\"elementor-column elementor-col-50 elementor-top-column elementor-element elementor-element-1f9bc24\" data-id=\"1f9bc24\" data-element_type=\"column\">\n\t\t\t<div class=\"elementor-widget-wrap elementor-element-populated\">\n\t\t\t\t\t\t\t\t<div class=\"elementor-element elementor-element-053c82f elementor-align-left elementor-widget elementor-widget-etheme_advanced_headline\" data-id=\"053c82f\" data-element_type=\"widget\" data-widget_type=\"etheme_advanced_headline.default\">\n\t\t\t\t<div class=\"elementor-widget-container\">\n\t\t\t        \r\n        <div class=\"etheme-a-h-wrapper\">\r\n        \r\n                            <span class=\"etheme-a-h-text-before etheme-a-h-text-before-with-bg\">\r\n                    La qualit\u00e9 et la fiabilit\u00e9                <\/span>\r\n            \r\n        <h2 class=\"etheme-advanced-headline etheme-advanced-headline-mask\">\r\n\r\n            Qui sommes nous ?\r\n        <\/h2>\r\n\t\t\r\n                    \r\n        <\/div>\r\n        \r\n\t\t\t\t<\/div>\n\t\t\t\t<\/div>\n\t\t\t\t<div class=\"elementor-element elementor-element-c4e405a elementor-widget elementor-widget-text-editor\" data-id=\"c4e405a\" data-element_type=\"widget\" data-widget_type=\"text-editor.default\">\n\t\t\t\t<div class=\"elementor-widget-container\">\n\t\t\t<style>\/*! elementor - v3.17.0 - 01-11-2023 *\/\n.elementor-widget-text-editor.elementor-drop-cap-view-stacked .elementor-drop-cap{background-color:#69727d;color:#fff}.elementor-widget-text-editor.elementor-drop-cap-view-framed .elementor-drop-cap{color:#69727d;border:3px solid;background-color:transparent}.elementor-widget-text-editor:not(.elementor-drop-cap-view-default) .elementor-drop-cap{margin-top:8px}.elementor-widget-text-editor:not(.elementor-drop-cap-view-default) .elementor-drop-cap-letter{width:1em;height:1em}.elementor-widget-text-editor .elementor-drop-cap{float:left;text-align:center;line-height:1;font-size:50px}.elementor-widget-text-editor .elementor-drop-cap-letter{display:inline-block}<\/style>\t\t\t\tSana est une entreprise familiale <strong style=\"color: white;\">cr\u00e9\u00e9e en 2008<\/strong>.\nElle est sp\u00e9cialis\u00e9e dans la distribution de produits exotiques africains et asiatiques et de cosm\u00e9tiques afro.\nEquipe s\u00e9rieuse et rigoureuse, nous sommes toujours \u00e0 l\u2019\u00e9coute de nos clients pour les accompagner au mieux dans leur r\u00e9ussite commerciale.\nL\u2019exp\u00e9rience acquise depuis ses d\u00e9buts lui permet aujourd\u2019hui de satisfaire ses clients dans un march\u00e9 en constante \u00e9volution.\nNos partenaires locaux et aussi internationaux nous permettent de proposer des milliers de r\u00e9f\u00e9rences disponibles dans notre catalogue.\nNous proposons un <strong style=\"color: white;\">Call &amp; Collect<\/strong> dans notre entrep\u00f4t de Villiers sur marne mais aussi une livraison dans toute la France.\t\t\t\t\t\t<\/div>\n\t\t\t\t<\/div>\n\t\t\t\t\t<\/div>\n\t\t<\/div>\n\t\t\t\t<div class=\"elementor-column elementor-col-50 elementor-top-column elementor-element elementor-element-abb2a8d\" data-id=\"abb2a8d\" data-element_type=\"column\">\n\t\t\t<div class=\"elementor-widget-wrap elementor-element-populated\">\n\t\t\t\t\t\t\t\t<div class=\"elementor-element elementor-element-e4a9f23 elementor-widget elementor-widget-image\" data-id=\"e4a9f23\" data-element_type=\"widget\" data-widget_type=\"image.default\">\n\t\t\t\t<div class=\"elementor-widget-container\">\n\t\t\t<style>\/*! elementor - v3.17.0 - 01-11-2023 *\/\n.elementor-widget-image{text-align:center}.elementor-widget-image a{display:inline-block}.elementor-widget-image a img[src$=\".svg\"]{width:48px}.elementor-widget-image img{vertical-align:middle;display:inline-block}<\/style>\t\t\t\t\t\t\t\t\t\t\t\t<img decoding=\"async\" width=\"979\" height=\"309\" src=\"https:\/\/sana-distribution.fr\/wp-content\/uploads\/2023\/04\/Sana4.png\" class=\"attachment-full size-full wp-image-8583\" alt=\"\" srcset=\"https:\/\/sana-distribution.fr\/wp-content\/uploads\/2023\/04\/Sana4.png 979w, https:\/\/sana-distribution.fr\/wp-content\/uploads\/2023\/04\/Sana4-600x189.png 600w, https:\/\/sana-distribution.fr\/wp-content\/uploads\/2023\/04\/Sana4-300x95.png 300w, https:\/\/sana-distribution.fr\/wp-content\/uploads\/2023\/04\/Sana4-768x242.png 768w, https:\/\/sana-distribution.fr\/wp-content\/uploads\/2023\/04\/Sana4-1x1.png 1w, https:\/\/sana-distribution.fr\/wp-content\/uploads\/2023\/04\/Sana4-10x3.png 10w\" sizes=\"(max-width: 979px) 100vw, 979px\" \/>\t\t\t\t\t\t\t\t\t\t\t\t\t\t\t<\/div>\n\t\t\t\t<\/div>\n\t\t\t\t\t<\/div>\n\t\t<\/div>\n\t\t\t\t\t\t\t<\/div>\n\t\t<\/section>\n\t\t\t\t<section class=\"elementor-section elementor-top-section elementor-element elementor-element-d170287 elementor-section-boxed elementor-section-height-default elementor-section-height-default elementor-invisible\" data-id=\"d170287\" data-element_type=\"section\" data-settings=\"{&quot;animation&quot;:&quot;fadeIn&quot;}\">\n\t\t\t\t\t\t<div class=\"elementor-container elementor-column-gap-no\">\n\t\t\t\t\t<div class=\"elementor-column elementor-col-33 elementor-top-column elementor-element elementor-element-16ea459\" data-id=\"16ea459\" data-element_type=\"column\">\n\t\t\t<div class=\"elementor-widget-wrap elementor-element-populated\">\n\t\t\t\t\t\t\t\t<div class=\"elementor-element elementor-element-ba0f4cc elementor-align-center elementor-widget elementor-widget-etheme_icon_box\" data-id=\"ba0f4cc\" data-element_type=\"widget\" data-settings=\"{&quot;lottie_source_json&quot;:{&quot;url&quot;:&quot;https:\\\/\\\/xstore.8theme.com\\\/elementor\\\/demos\\\/grocery-market\\\/wp-content\\\/uploads\\\/sites\\\/73\\\/2022\\\/03\\\/pricing.json&quot;,&quot;id&quot;:1972,&quot;size&quot;:&quot;&quot;,&quot;alt&quot;:&quot;&quot;,&quot;source&quot;:&quot;library&quot;},&quot;lottie_source&quot;:&quot;media_file&quot;,&quot;lottie_points&quot;:{&quot;unit&quot;:&quot;%&quot;,&quot;size&quot;:&quot;&quot;,&quot;sizes&quot;:{&quot;start&quot;:0,&quot;end&quot;:100}},&quot;lottie_renderer&quot;:&quot;svg&quot;,&quot;lottie_play_speed&quot;:{&quot;unit&quot;:&quot;px&quot;,&quot;size&quot;:1,&quot;sizes&quot;:[]},&quot;lottie_loop&quot;:&quot;yes&quot;,&quot;lottie_lazyload&quot;:&quot;yes&quot;}\" data-widget_type=\"etheme_icon_box.default\">\n\t\t\t\t<div class=\"elementor-widget-container\">\n\t\t\t\t\t\t<div class=\"etheme-icon-box etheme-icon-box-icon-position-top\">\r\n        \r\n                            \r\n                <div class=\"etheme-icon-box-icon etheme-icon-box-icon-type-lottie etheme-lottie\">\r\n        \r\n                                            <div class=\"etheme-lottie-animation\"><\/div>\r\n                                    \r\n                <\/div>\r\n            \r\n                <div class=\"etheme-icon-box-content\">\r\n\t\t\r\n                                        \r\n                                            <h3 class=\"etheme-icon-box-title\">\r\n                            <span>S\u00e9lection \u00e0 couper le souffle<\/span>\r\n                        <\/h3>\r\n                    \t\t\r\n                                            <p class=\"etheme-icon-box-description\">\r\n                            Notre entreprise offre une s\u00e9lection de produits exotiques africains et asiatiques incroyablement diversifi\u00e9e. Des \u00e9pices aux produits de base en passant par les produits frais, nous avons tout ce qu'il faut pour vous aider \u00e0 diversifier votre catalogue et \u00e0 stimuler votre croissance.                        <\/p>\r\n                    \r\n                            <a href=\"\/index.php\/shop\/\" class=\"elementor-button-link elementor-button\" role=\"button\">\r\n                \r\n                    \r\n                <span class=\"button-text\">Boutique<\/span>\r\n                \r\n                    \r\n            <\/a>\r\n                    \r\n                <\/div>\r\n\t\t\t<\/div>\r\n\t\t\t\t<\/div>\n\t\t\t\t<\/div>\n\t\t\t\t\t<\/div>\n\t\t<\/div>\n\t\t\t\t<div class=\"elementor-column elementor-col-33 elementor-top-column elementor-element elementor-element-617cf14\" data-id=\"617cf14\" data-element_type=\"column\">\n\t\t\t<div class=\"elementor-widget-wrap elementor-element-populated\">\n\t\t\t\t\t\t\t\t<div class=\"elementor-element elementor-element-43ddada elementor-align-center elementor-widget elementor-widget-etheme_icon_box\" data-id=\"43ddada\" data-element_type=\"widget\" data-settings=\"{&quot;lottie_source_json&quot;:{&quot;url&quot;:&quot;https:\\\/\\\/xstore.8theme.com\\\/elementor\\\/demos\\\/grocery-market\\\/wp-content\\\/uploads\\\/sites\\\/73\\\/2022\\\/03\\\/gift.json&quot;,&quot;id&quot;:1971,&quot;size&quot;:&quot;&quot;,&quot;alt&quot;:&quot;&quot;,&quot;source&quot;:&quot;library&quot;},&quot;lottie_source&quot;:&quot;media_file&quot;,&quot;lottie_points&quot;:{&quot;unit&quot;:&quot;%&quot;,&quot;size&quot;:&quot;&quot;,&quot;sizes&quot;:{&quot;start&quot;:0,&quot;end&quot;:100}},&quot;lottie_renderer&quot;:&quot;svg&quot;,&quot;lottie_play_speed&quot;:{&quot;unit&quot;:&quot;px&quot;,&quot;size&quot;:1,&quot;sizes&quot;:[]},&quot;lottie_loop&quot;:&quot;yes&quot;,&quot;lottie_lazyload&quot;:&quot;yes&quot;}\" data-widget_type=\"etheme_icon_box.default\">\n\t\t\t\t<div class=\"elementor-widget-container\">\n\t\t\t\t\t\t<div class=\"etheme-icon-box etheme-icon-box-icon-position-top\">\r\n        \r\n                            \r\n                <div class=\"etheme-icon-box-icon etheme-icon-box-icon-type-lottie etheme-lottie\">\r\n        \r\n                                            <div class=\"etheme-lottie-animation\"><\/div>\r\n                                    \r\n                <\/div>\r\n            \r\n                <div class=\"etheme-icon-box-content\">\r\n\t\t\r\n                                        \r\n                                            <h3 class=\"etheme-icon-box-title\">\r\n                            <span>Livraisons rapides en France<\/span>\r\n                        <\/h3>\r\n                    \t\t\r\n                                            <p class=\"etheme-icon-box-description\">\r\n                            Nous offrons un service de livraison rapide et fiable dans toute la France. Que vous soyez un petit d\u00e9taillant ou un grand distributeur, nous sommes l\u00e0 pour vous aider \u00e0 obtenir les produits dont vous avez besoin, o\u00f9 que vous soyez.                        <\/p>\r\n                    \r\n                            \r\n                <\/div>\r\n\t\t\t<\/div>\r\n\t\t\t\t<\/div>\n\t\t\t\t<\/div>\n\t\t\t\t\t<\/div>\n\t\t<\/div>\n\t\t\t\t<div class=\"elementor-column elementor-col-33 elementor-top-column elementor-element elementor-element-2ffc1eb\" data-id=\"2ffc1eb\" data-element_type=\"column\">\n\t\t\t<div class=\"elementor-widget-wrap elementor-element-populated\">\n\t\t\t\t\t\t\t\t<div class=\"elementor-element elementor-element-b02b68b elementor-align-center elementor-widget elementor-widget-etheme_icon_box\" data-id=\"b02b68b\" data-element_type=\"widget\" data-settings=\"{&quot;lottie_source_json&quot;:{&quot;url&quot;:&quot;https:\\\/\\\/xstore.8theme.com\\\/elementor\\\/demos\\\/grocery-market\\\/wp-content\\\/uploads\\\/sites\\\/73\\\/2022\\\/03\\\/delivery.json&quot;,&quot;id&quot;:1970,&quot;size&quot;:&quot;&quot;,&quot;alt&quot;:&quot;&quot;,&quot;source&quot;:&quot;library&quot;},&quot;lottie_source&quot;:&quot;media_file&quot;,&quot;lottie_points&quot;:{&quot;unit&quot;:&quot;%&quot;,&quot;size&quot;:&quot;&quot;,&quot;sizes&quot;:{&quot;start&quot;:0,&quot;end&quot;:100}},&quot;lottie_renderer&quot;:&quot;svg&quot;,&quot;lottie_play_speed&quot;:{&quot;unit&quot;:&quot;px&quot;,&quot;size&quot;:1,&quot;sizes&quot;:[]},&quot;lottie_loop&quot;:&quot;yes&quot;,&quot;lottie_lazyload&quot;:&quot;yes&quot;}\" data-widget_type=\"etheme_icon_box.default\">\n\t\t\t\t<div class=\"elementor-widget-container\">\n\t\t\t\t\t\t<div class=\"etheme-icon-box etheme-icon-box-icon-position-top\">\r\n        \r\n                            \r\n                <div class=\"etheme-icon-box-icon etheme-icon-box-icon-type-lottie etheme-lottie\">\r\n        \r\n                                            <div class=\"etheme-lottie-animation\"><\/div>\r\n                                    \r\n                <\/div>\r\n            \r\n                <div class=\"etheme-icon-box-content\">\r\n\t\t\r\n                                        \r\n                                            <h3 class=\"etheme-icon-box-title\">\r\n                            <span>Service client irr\u00e9prochable<\/span>\r\n                        <\/h3>\r\n                    \t\t\r\n                                            <p class=\"etheme-icon-box-description\">\r\n                            Nous sommes fiers de proposer un service client exceptionnel \u00e0 tous nos clients. Notre \u00e9quipe de professionnels s\u00e9rieux et rigoureux est \u00e0 votre disposition pour r\u00e9pondre \u00e0 toutes vos questions et pour vous aider \u00e0 r\u00e9ussir dans votre entreprise. Chez Sana, votre satisfaction totale est notre priorit\u00e9 absolue.                        <\/p>\r\n                    \r\n                            <a href=\"\/index.php\/contact-us\/\" class=\"elementor-button-link elementor-button\" role=\"button\">\r\n                \r\n                    \r\n                <span class=\"button-text\">Nous Contacter<\/span>\r\n                \r\n                    \r\n            <\/a>\r\n                    \r\n                <\/div>\r\n\t\t\t<\/div>\r\n\t\t\t\t<\/div>\n\t\t\t\t<\/div>\n\t\t\t\t\t<\/div>\n\t\t<\/div>\n\t\t\t\t\t\t\t<\/div>\n\t\t<\/section>\n\t\t\t\t<section class=\"elementor-section elementor-top-section elementor-element elementor-element-3130cf2 elementor-section-full_width elementor-section-stretched elementor-section-height-default elementor-section-height-default\" data-id=\"3130cf2\" data-element_type=\"section\" data-settings=\"{&quot;stretch_section&quot;:&quot;section-stretched&quot;,&quot;background_background&quot;:&quot;classic&quot;}\">\n\t\t\t\t\t\t<div class=\"elementor-container elementor-column-gap-default\">\n\t\t\t\t\t<div class=\"elementor-column elementor-col-100 elementor-top-column elementor-element elementor-element-5f893e1\" data-id=\"5f893e1\" data-element_type=\"column\">\n\t\t\t<div class=\"elementor-widget-wrap elementor-element-populated\">\n\t\t\t\t\t\t\t\t<div class=\"elementor-element elementor-element-ea847bb elementor-align-center elementor-widget elementor-widget-etheme_advanced_headline\" data-id=\"ea847bb\" data-element_type=\"widget\" data-widget_type=\"etheme_advanced_headline.default\">\n\t\t\t\t<div class=\"elementor-widget-container\">\n\t\t\t        \r\n        <div class=\"etheme-a-h-wrapper\">\r\n        \r\n                            <span class=\"etheme-a-h-text-before\">\r\n                    Au c\u0153ur de la r\u00e9gion parisienne                <\/span>\r\n            \r\n        <h2 class=\"etheme-advanced-headline etheme-advanced-headline-mask\">\r\n\r\n            O\u00f9 nous trouver\r\n        <\/h2>\r\n\t\t\r\n                            <p class=\"etheme-a-h-text-after\">\r\n                    Notre boutique est situ\u00e9e \u00e0 Villiers-sur-Marne, \u00e0 deux pas de Paris. Venez nous rendre visite pour d\u00e9couvrir notre s\u00e9lection de produits exotiques africains et asiatiques de qualit\u00e9 sup\u00e9rieure.                <\/p>\r\n                    \r\n        <\/div>\r\n        \r\n\t\t\t\t<\/div>\n\t\t\t\t<\/div>\n\t\t\t\t<div class=\"elementor-element elementor-element-eabee70 elementor-widget elementor-widget-google_maps\" data-id=\"eabee70\" data-element_type=\"widget\" data-widget_type=\"google_maps.default\">\n\t\t\t\t<div class=\"elementor-widget-container\">\n\t\t\t<style>\/*! elementor - v3.17.0 - 01-11-2023 *\/\n.elementor-widget-google_maps .elementor-widget-container{overflow:hidden}.elementor-widget-google_maps .elementor-custom-embed{line-height:0}.elementor-widget-google_maps iframe{height:300px}<\/style>\t\t<div class=\"elementor-custom-embed\">\n\t\t\t<iframe loading=\"lazy\"\n\t\t\t\t\tsrc=\"https:\/\/maps.google.com\/maps?q=5%20Boulevard%20Georges%20Melies%20%20Villiers%20sur%20marne%2094350&#038;t=m&#038;z=11&#038;output=embed&#038;iwloc=near\"\n\t\t\t\t\ttitle=\"5 Boulevard Georges Melies  Villiers sur marne 94350\"\n\t\t\t\t\taria-label=\"5 Boulevard Georges Melies  Villiers sur marne 94350\"\n\t\t\t><\/iframe>\n\t\t<\/div>\n\t\t\t\t<\/div>\n\t\t\t\t<\/div>\n\t\t\t\t\t<\/div>\n\t\t<\/div>\n\t\t\t\t\t\t\t<\/div>\n\t\t<\/section>\n\t\t\t\t\t\t\t<\/div>\n\t\t","protected":false},"excerpt":{"rendered":"<p>La qualit\u00e9 et la fiabilit\u00e9 Qui sommes nous ? Sana est une entreprise familiale cr\u00e9\u00e9e en 2008&#8230;.<\/p>\n","protected":false},"author":1,"featured_media":49,"parent":0,"menu_order":0,"comment_status":"closed","ping_status":"closed","template":"","meta":{"footnotes":""},"class_list":["post-24","page","type-page","status-publish","has-post-thumbnail","hentry"],"yoast_head":"<!-- This site is optimized with the Yoast SEO plugin v20.9 - https:\/\/yoast.com\/wordpress\/plugins\/seo\/ -->\n<title>About us - Sana Distribution<\/title>\n<meta name=\"robots\" content=\"index, follow, max-snippet:-1, max-image-preview:large, max-video-preview:-1\" \/>\n<link rel=\"canonical\" href=\"https:\/\/sana-distribution.fr\/index.php\/about-us\/\" \/>\n<meta property=\"og:locale\" content=\"fr_FR\" \/>\n<meta property=\"og:type\" content=\"article\" \/>\n<meta property=\"og:title\" content=\"About us - Sana Distribution\" \/>\n<meta property=\"og:description\" content=\"La qualit\u00e9 et la fiabilit\u00e9 Qui sommes nous ? Sana est une entreprise familiale cr\u00e9\u00e9e en 2008....\" \/>\n<meta property=\"og:url\" content=\"https:\/\/sana-distribution.fr\/index.php\/about-us\/\" \/>\n<meta property=\"og:site_name\" content=\"Sana Distribution\" \/>\n<meta property=\"article:modified_time\" content=\"2023-04-25T15:37:06+00:00\" \/>\n<meta property=\"og:image\" content=\"https:\/\/sana-distribution.fr\/wp-content\/uploads\/2022\/02\/breadcrumbs-image.jpeg\" \/>\n\t<meta property=\"og:image:width\" content=\"1920\" \/>\n\t<meta property=\"og:image:height\" content=\"243\" \/>\n\t<meta property=\"og:image:type\" content=\"image\/jpeg\" \/>\n<meta name=\"twitter:card\" content=\"summary_large_image\" \/>\n<meta name=\"twitter:label1\" content=\"Dur\u00e9e de lecture estim\u00e9e\" \/>\n\t<meta name=\"twitter:data1\" content=\"4 minutes\" \/>\n<script type=\"application\/ld+json\" class=\"yoast-schema-graph\">{\"@context\":\"https:\/\/schema.org\",\"@graph\":[{\"@type\":\"WebPage\",\"@id\":\"https:\/\/sana-distribution.fr\/index.php\/about-us\/\",\"url\":\"https:\/\/sana-distribution.fr\/index.php\/about-us\/\",\"name\":\"About us - Sana Distribution\",\"isPartOf\":{\"@id\":\"https:\/\/sana-distribution.fr\/#website\"},\"datePublished\":\"2022-02-21T09:51:12+00:00\",\"dateModified\":\"2023-04-25T15:37:06+00:00\",\"breadcrumb\":{\"@id\":\"https:\/\/sana-distribution.fr\/index.php\/about-us\/#breadcrumb\"},\"inLanguage\":\"fr-FR\",\"potentialAction\":[{\"@type\":\"ReadAction\",\"target\":[\"https:\/\/sana-distribution.fr\/index.php\/about-us\/\"]}]},{\"@type\":\"BreadcrumbList\",\"@id\":\"https:\/\/sana-distribution.fr\/index.php\/about-us\/#breadcrumb\",\"itemListElement\":[{\"@type\":\"ListItem\",\"position\":1,\"name\":\"Home\",\"item\":\"https:\/\/sana-distribution.fr\/\"},{\"@type\":\"ListItem\",\"position\":2,\"name\":\"About us\"}]},{\"@type\":\"WebSite\",\"@id\":\"https:\/\/sana-distribution.fr\/#website\",\"url\":\"https:\/\/sana-distribution.fr\/\",\"name\":\"Sana Distribution\",\"description\":\"\",\"publisher\":{\"@id\":\"https:\/\/sana-distribution.fr\/#organization\"},\"potentialAction\":[{\"@type\":\"SearchAction\",\"target\":{\"@type\":\"EntryPoint\",\"urlTemplate\":\"https:\/\/sana-distribution.fr\/?s={search_term_string}\"},\"query-input\":\"required name=search_term_string\"}],\"inLanguage\":\"fr-FR\"},{\"@type\":\"Organization\",\"@id\":\"https:\/\/sana-distribution.fr\/#organization\",\"name\":\"Sana Distribution\",\"url\":\"https:\/\/sana-distribution.fr\/\",\"logo\":{\"@type\":\"ImageObject\",\"inLanguage\":\"fr-FR\",\"@id\":\"https:\/\/sana-distribution.fr\/#\/schema\/logo\/image\/\",\"url\":\"https:\/\/sana-distribution.fr\/wp-content\/uploads\/2022\/02\/cropped-Sana1.png\",\"contentUrl\":\"https:\/\/sana-distribution.fr\/wp-content\/uploads\/2022\/02\/cropped-Sana1.png\",\"width\":512,\"height\":512,\"caption\":\"Sana Distribution\"},\"image\":{\"@id\":\"https:\/\/sana-distribution.fr\/#\/schema\/logo\/image\/\"}}]}<\/script>\n<!-- \/ Yoast SEO plugin. -->","yoast_head_json":{"title":"About us - Sana Distribution","robots":{"index":"index","follow":"follow","max-snippet":"max-snippet:-1","max-image-preview":"max-image-preview:large","max-video-preview":"max-video-preview:-1"},"canonical":"https:\/\/sana-distribution.fr\/index.php\/about-us\/","og_locale":"fr_FR","og_type":"article","og_title":"About us - Sana Distribution","og_description":"La qualit\u00e9 et la fiabilit\u00e9 Qui sommes nous ? Sana est une entreprise familiale cr\u00e9\u00e9e en 2008....","og_url":"https:\/\/sana-distribution.fr\/index.php\/about-us\/","og_site_name":"Sana Distribution","article_modified_time":"2023-04-25T15:37:06+00:00","og_image":[{"width":1920,"height":243,"url":"https:\/\/sana-distribution.fr\/wp-content\/uploads\/2022\/02\/breadcrumbs-image.jpeg","type":"image\/jpeg"}],"twitter_card":"summary_large_image","twitter_misc":{"Dur\u00e9e de lecture estim\u00e9e":"4 minutes"},"schema":{"@context":"https:\/\/schema.org","@graph":[{"@type":"WebPage","@id":"https:\/\/sana-distribution.fr\/index.php\/about-us\/","url":"https:\/\/sana-distribution.fr\/index.php\/about-us\/","name":"About us - Sana Distribution","isPartOf":{"@id":"https:\/\/sana-distribution.fr\/#website"},"datePublished":"2022-02-21T09:51:12+00:00","dateModified":"2023-04-25T15:37:06+00:00","breadcrumb":{"@id":"https:\/\/sana-distribution.fr\/index.php\/about-us\/#breadcrumb"},"inLanguage":"fr-FR","potentialAction":[{"@type":"ReadAction","target":["https:\/\/sana-distribution.fr\/index.php\/about-us\/"]}]},{"@type":"BreadcrumbList","@id":"https:\/\/sana-distribution.fr\/index.php\/about-us\/#breadcrumb","itemListElement":[{"@type":"ListItem","position":1,"name":"Home","item":"https:\/\/sana-distribution.fr\/"},{"@type":"ListItem","position":2,"name":"About us"}]},{"@type":"WebSite","@id":"https:\/\/sana-distribution.fr\/#website","url":"https:\/\/sana-distribution.fr\/","name":"Sana Distribution","description":"","publisher":{"@id":"https:\/\/sana-distribution.fr\/#organization"},"potentialAction":[{"@type":"SearchAction","target":{"@type":"EntryPoint","urlTemplate":"https:\/\/sana-distribution.fr\/?s={search_term_string}"},"query-input":"required name=search_term_string"}],"inLanguage":"fr-FR"},{"@type":"Organization","@id":"https:\/\/sana-distribution.fr\/#organization","name":"Sana Distribution","url":"https:\/\/sana-distribution.fr\/","logo":{"@type":"ImageObject","inLanguage":"fr-FR","@id":"https:\/\/sana-distribution.fr\/#\/schema\/logo\/image\/","url":"https:\/\/sana-distribution.fr\/wp-content\/uploads\/2022\/02\/cropped-Sana1.png","contentUrl":"https:\/\/sana-distribution.fr\/wp-content\/uploads\/2022\/02\/cropped-Sana1.png","width":512,"height":512,"caption":"Sana Distribution"},"image":{"@id":"https:\/\/sana-distribution.fr\/#\/schema\/logo\/image\/"}}]}},"_links":{"self":[{"href":"https:\/\/sana-distribution.fr\/index.php\/wp-json\/wp\/v2\/pages\/24","targetHints":{"allow":["GET"]}}],"collection":[{"href":"https:\/\/sana-distribution.fr\/index.php\/wp-json\/wp\/v2\/pages"}],"about":[{"href":"https:\/\/sana-distribution.fr\/index.php\/wp-json\/wp\/v2\/types\/page"}],"author":[{"embeddable":true,"href":"https:\/\/sana-distribution.fr\/index.php\/wp-json\/wp\/v2\/users\/1"}],"replies":[{"embeddable":true,"href":"https:\/\/sana-distribution.fr\/index.php\/wp-json\/wp\/v2\/comments?post=24"}],"version-history":[{"count":13,"href":"https:\/\/sana-distribution.fr\/index.php\/wp-json\/wp\/v2\/pages\/24\/revisions"}],"predecessor-version":[{"id":8675,"href":"https:\/\/sana-distribution.fr\/index.php\/wp-json\/wp\/v2\/pages\/24\/revisions\/8675"}],"wp:featuredmedia":[{"embeddable":true,"href":"https:\/\/sana-distribution.fr\/index.php\/wp-json\/wp\/v2\/media\/49"}],"wp:attachment":[{"href":"https:\/\/sana-distribution.fr\/index.php\/wp-json\/wp\/v2\/media?parent=24"}],"curies":[{"name":"wp","href":"https:\/\/api.w.org\/{rel}","templated":true}]}}