{"id":25,"date":"2022-02-21T09:51:26","date_gmt":"2022-02-21T09:51:26","guid":{"rendered":"https:\/\/xstore.8theme.com\/elementor\/demos\/grocery-market\/?page_id=22"},"modified":"2026-04-04T10:07:07","modified_gmt":"2026-04-04T10:07:07","slug":"contact-us","status":"publish","type":"page","link":"https:\/\/sana-distribution.fr\/index.php\/contact-us\/","title":{"rendered":"Contact us"},"content":{"rendered":"\t\t<div data-elementor-type=\"wp-page\" data-elementor-id=\"25\" class=\"elementor elementor-25\" data-elementor-post-type=\"page\">\n\t\t\t\t\t\t\t\t\t<section class=\"elementor-section elementor-top-section elementor-element elementor-element-c1b5314 elementor-section-boxed elementor-section-height-default elementor-section-height-default\" data-id=\"c1b5314\" data-element_type=\"section\">\n\t\t\t\t\t\t<div class=\"elementor-container elementor-column-gap-no\">\n\t\t\t\t\t<div class=\"elementor-column elementor-col-50 elementor-top-column elementor-element elementor-element-a5fcb2b\" data-id=\"a5fcb2b\" data-element_type=\"column\">\n\t\t\t<div class=\"elementor-widget-wrap elementor-element-populated\">\n\t\t\t\t\t\t\t\t<div class=\"elementor-element elementor-element-1d5c4fac elementor-widget elementor-widget-etheme_advanced_headline\" data-id=\"1d5c4fac\" data-element_type=\"widget\" data-widget_type=\"etheme_advanced_headline.default\">\n\t\t\t\t<div class=\"elementor-widget-container\">\n\t\t\t        \r\n        <div class=\"etheme-a-h-wrapper elementor-align-left etheme-a-h-line-after etheme-a-h-line-mobile-hidden\">\r\n        \r\n                            <span class=\"etheme-a-h-text-before etheme-a-h-text-before-with-bg\">\r\n                    contact                <\/span>\r\n            \r\n        <h2 class=\"etheme-advanced-headline\">\r\n\r\n            Laissez-nous un message\r\n        <\/h2>\r\n\t\t\r\n                    \r\n        <\/div>\r\n        \r\n\t\t\t\t<\/div>\n\t\t\t\t<\/div>\n\t\t\t\t<div class=\"elementor-element elementor-element-b4279d9 etheme-contact-form-7-button-custom elementor-widget elementor-widget-et-contact-form-7\" data-id=\"b4279d9\" data-element_type=\"widget\" data-widget_type=\"et-contact-form-7.default\">\n\t\t\t\t<div class=\"elementor-widget-container\">\n\t\t\t                <div class=\"pp-contact-form etheme-contact-form-7 placeholder-show\">\r\n                                        \n<div class=\"wpcf7 no-js\" id=\"wpcf7-f101-o1\" lang=\"en-US\" dir=\"ltr\">\n<div class=\"screen-reader-response\"><p role=\"status\" aria-live=\"polite\" aria-atomic=\"true\"><\/p> <ul><\/ul><\/div>\n<form action=\"\/index.php\/wp-json\/wp\/v2\/pages\/25#wpcf7-f101-o1\" method=\"post\" class=\"wpcf7-form init\" aria-label=\"Contact form\" enctype=\"multipart\/form-data\" novalidate=\"novalidate\" data-status=\"init\">\n<div style=\"display: none;\">\n<input type=\"hidden\" name=\"_wpcf7\" value=\"101\" \/>\n<input type=\"hidden\" name=\"_wpcf7_version\" value=\"5.7.7\" \/>\n<input type=\"hidden\" name=\"_wpcf7_locale\" value=\"en_US\" \/>\n<input type=\"hidden\" name=\"_wpcf7_unit_tag\" value=\"wpcf7-f101-o1\" \/>\n<input type=\"hidden\" name=\"_wpcf7_container_post\" value=\"0\" \/>\n<input type=\"hidden\" name=\"_wpcf7_posted_data_hash\" value=\"\" \/>\n<\/div>\n<div class=\"form-group\">\n\t<p><label class=\"required-item\">Pr\u00e9nom <\/label><span class=\"wpcf7-form-control-wrap\" data-name=\"your-name\"><input size=\"40\" class=\"wpcf7-form-control wpcf7-text wpcf7-validates-as-required\" aria-required=\"true\" aria-invalid=\"false\" value=\"\" type=\"text\" name=\"your-name\" \/><\/span>\n\t<\/p>\n\t<p><label class=\"required-item\">Nom <\/label><span class=\"wpcf7-form-control-wrap\" data-name=\"your-last-name\"><input size=\"40\" class=\"wpcf7-form-control wpcf7-text wpcf7-validates-as-required\" aria-required=\"true\" aria-invalid=\"false\" value=\"\" type=\"text\" name=\"your-last-name\" \/><\/span>\n\t<\/p>\n\t<p><label class=\"required-item\">T\u00e9l\u00e9phone <\/label><span class=\"wpcf7-form-control-wrap\" data-name=\"tel-400\"><input size=\"40\" class=\"wpcf7-form-control wpcf7-text wpcf7-tel wpcf7-validates-as-tel\" aria-invalid=\"false\" value=\"\" type=\"tel\" name=\"tel-400\" \/><\/span>\n\t<\/p>\n\t<p><label class=\"required-item\">E-mail<\/label><span class=\"wpcf7-form-control-wrap\" data-name=\"email-949\"><input size=\"40\" class=\"wpcf7-form-control wpcf7-text wpcf7-email wpcf7-validates-as-required wpcf7-validates-as-email\" aria-required=\"true\" aria-invalid=\"false\" value=\"\" type=\"email\" name=\"email-949\" \/><\/span>\n\t<\/p>\n<\/div>\n<p><label class=\"required-item\">Sujet<\/label><span class=\"wpcf7-form-control-wrap\" data-name=\"text-389\"><input size=\"40\" class=\"wpcf7-form-control wpcf7-text wpcf7-validates-as-required\" aria-required=\"true\" aria-invalid=\"false\" value=\"\" type=\"text\" name=\"text-389\" \/><\/span>\n<\/p>\n<p><label class=\"required-item\">Message <\/label><span class=\"wpcf7-form-control-wrap\" data-name=\"your-message\"><textarea cols=\"4\" rows=\"6\" class=\"wpcf7-form-control wpcf7-textarea wpcf7-validates-as-required\" aria-required=\"true\" aria-invalid=\"false\" name=\"your-message\"><\/textarea><\/span>\n<\/p>\n<p>Fichier: <span class=\"wpcf7-form-control-wrap\" data-name=\"file-320\"><input size=\"40\" class=\"wpcf7-form-control wpcf7-file\" accept=\"audio\/*,video\/*,image\/*\" aria-invalid=\"false\" type=\"file\" name=\"file-320\" \/><\/span>\n<\/p>\n<p><input class=\"wpcf7-form-control has-spinner wpcf7-submit\" type=\"submit\" value=\"Envoyer\" \/>\n<\/p><div class=\"wpcf7-response-output\" aria-hidden=\"true\"><\/div>\n<\/form>\n<\/div>\n                <\/div>\r\n                \t\t<\/div>\n\t\t\t\t<\/div>\n\t\t\t\t\t<\/div>\n\t\t<\/div>\n\t\t\t\t<div class=\"elementor-column elementor-col-50 elementor-top-column elementor-element elementor-element-ddb30b7\" data-id=\"ddb30b7\" data-element_type=\"column\">\n\t\t\t<div class=\"elementor-widget-wrap elementor-element-populated\">\n\t\t\t\t\t\t\t\t<div class=\"elementor-element elementor-element-f5c1aac elementor-align-left elementor-widget elementor-widget-etheme_icon_box\" data-id=\"f5c1aac\" data-element_type=\"widget\" data-widget_type=\"etheme_icon_box.default\">\n\t\t\t\t<div class=\"elementor-widget-container\">\n\t\t\t\t\t\t<div class=\"etheme-icon-box etheme-icon-box-icon-position-left\">\r\n        \r\n                            \r\n                <div class=\"etheme-icon-box-icon etheme-icon-box-icon-type-image\">\r\n        \r\n                <img decoding=\"async\" width=\"63\" height=\"52\" src=\"https:\/\/sana-distribution.fr\/wp-content\/uploads\/2022\/02\/Icon12.jpeg\" class=\"attachment-full size-full wp-image-1027\" alt=\"\" \/>        \r\n                <\/div>\r\n            \r\n                <div class=\"etheme-icon-box-content\">\r\n\t\t\r\n                                        \r\n                                            <h3 class=\"etheme-icon-box-title\">\r\n                            <span>E-mail<\/span>\r\n                        <\/h3>\r\n                    \t\t\r\n                    \r\n                            <a href=\"mailto:contact@sana-distribution.fr\" class=\"elementor-button-link elementor-button\" role=\"button\">\r\n                \r\n                    \r\n                <span class=\"button-text\">contact@sana-distribution.fr<\/span>\r\n                \r\n                    \r\n            <\/a>\r\n                    \r\n                <\/div>\r\n\t\t\t<\/div>\r\n\t\t\t\t<\/div>\n\t\t\t\t<\/div>\n\t\t\t\t<div class=\"elementor-element elementor-element-4ee0f8e elementor-align-left elementor-widget elementor-widget-etheme_icon_box\" data-id=\"4ee0f8e\" data-element_type=\"widget\" data-widget_type=\"etheme_icon_box.default\">\n\t\t\t\t<div class=\"elementor-widget-container\">\n\t\t\t\t\t\t<div class=\"etheme-icon-box etheme-icon-box-icon-position-left\">\r\n        \r\n                            \r\n                <div class=\"etheme-icon-box-icon etheme-icon-box-icon-type-image\">\r\n        \r\n                <img decoding=\"async\" width=\"50\" height=\"61\" src=\"https:\/\/sana-distribution.fr\/wp-content\/uploads\/2022\/02\/Icon11.jpeg\" class=\"attachment-full size-full wp-image-1026\" alt=\"\" \/>        \r\n                <\/div>\r\n            \r\n                <div class=\"etheme-icon-box-content\">\r\n\t\t\r\n                                        \r\n                                            <h3 class=\"etheme-icon-box-title\">\r\n                            <span>Adresse<\/span>\r\n                        <\/h3>\r\n                    \t\t\r\n                                            <p class=\"etheme-icon-box-description\">\r\n                            2 ALLEE DU PLATEAU \nTORCY 77200                        <\/p>\r\n                    \r\n                            <a href=\"tel:0950523794\" class=\"elementor-button-link elementor-button\" role=\"button\">\r\n                \r\n                    \r\n                <span class=\"button-text\">T\u00e9l: 09 56 89 42 71<\/span>\r\n                \r\n                    \r\n            <\/a>\r\n                    \r\n                <\/div>\r\n\t\t\t<\/div>\r\n\t\t\t\t<\/div>\n\t\t\t\t<\/div>\n\t\t\t\t<div class=\"elementor-element elementor-element-8fe4e4e elementor-align-left elementor-widget elementor-widget-etheme_icon_box\" data-id=\"8fe4e4e\" data-element_type=\"widget\" data-widget_type=\"etheme_icon_box.default\">\n\t\t\t\t<div class=\"elementor-widget-container\">\n\t\t\t\t\t\t<div class=\"etheme-icon-box etheme-icon-box-icon-position-left\">\r\n        \r\n                            \r\n                <div class=\"etheme-icon-box-icon etheme-icon-box-icon-type-image\">\r\n        \r\n                <img decoding=\"async\" width=\"62\" height=\"50\" src=\"https:\/\/sana-distribution.fr\/wp-content\/uploads\/2022\/02\/Icon13.jpeg\" class=\"attachment-full size-full wp-image-1028\" alt=\"\" \/>        \r\n                <\/div>\r\n            \r\n                <div class=\"etheme-icon-box-content\">\r\n\t\t\r\n                                        \r\n                                            <h3 class=\"etheme-icon-box-title\">\r\n                            <span>Horaires d'ouverture<\/span>\r\n                        <\/h3>\r\n                    \t\t\r\n                                            <p class=\"etheme-icon-box-description\">\r\n                            Lundi au vendredi 9h00 - 17h30\n\nSamedi 9h00 - 15h30                        <\/p>\r\n                    \r\n                            \r\n                <\/div>\r\n\t\t\t<\/div>\r\n\t\t\t\t<\/div>\n\t\t\t\t<\/div>\n\t\t\t\t\t<\/div>\n\t\t<\/div>\n\t\t\t\t\t\t\t<\/div>\n\t\t<\/section>\n\t\t\t\t<section class=\"elementor-section elementor-top-section elementor-element elementor-element-e2d3d28 elementor-section-full_width elementor-section-stretched elementor-section-height-default elementor-section-height-default\" data-id=\"e2d3d28\" data-element_type=\"section\" data-settings=\"{&quot;stretch_section&quot;:&quot;section-stretched&quot;}\">\n\t\t\t\t\t\t<div class=\"elementor-container elementor-column-gap-default\">\n\t\t\t\t\t<div class=\"elementor-column elementor-col-100 elementor-top-column elementor-element elementor-element-f7fa078\" data-id=\"f7fa078\" data-element_type=\"column\">\n\t\t\t<div class=\"elementor-widget-wrap elementor-element-populated\">\n\t\t\t\t\t\t\t\t<div class=\"elementor-element elementor-element-51e6e20 elementor-align-center elementor-widget elementor-widget-etheme_advanced_headline\" data-id=\"51e6e20\" data-element_type=\"widget\" data-widget_type=\"etheme_advanced_headline.default\">\n\t\t\t\t<div class=\"elementor-widget-container\">\n\t\t\t        \r\n        <div class=\"etheme-a-h-wrapper\">\r\n        \r\n                            <span class=\"etheme-a-h-text-before\">\r\n                    Au c\u0153ur de la r\u00e9gion parisienne                <\/span>\r\n            \r\n        <h2 class=\"etheme-advanced-headline etheme-advanced-headline-mask\">\r\n\r\n            O\u00f9 nous trouver\r\n        <\/h2>\r\n\t\t\r\n                            <p class=\"etheme-a-h-text-after\">\r\n                    Notre boutique est situ\u00e9e \u00e0 TORCY, \u00e0 deux pas de Paris. Venez nous rendre visite pour d\u00e9couvrir notre s\u00e9lection de produits exotiques africains et asiatiques de qualit\u00e9 sup\u00e9rieure.                <\/p>\r\n                    \r\n        <\/div>\r\n        \r\n\t\t\t\t<\/div>\n\t\t\t\t<\/div>\n\t\t\t\t<div class=\"elementor-element elementor-element-1cb68ca elementor-widget elementor-widget-google_maps\" data-id=\"1cb68ca\" data-element_type=\"widget\" data-widget_type=\"google_maps.default\">\n\t\t\t\t<div class=\"elementor-widget-container\">\n\t\t\t<style>\/*! elementor - v3.17.0 - 01-11-2023 *\/\n.elementor-widget-google_maps .elementor-widget-container{overflow:hidden}.elementor-widget-google_maps .elementor-custom-embed{line-height:0}.elementor-widget-google_maps iframe{height:300px}<\/style>\t\t<div class=\"elementor-custom-embed\">\n\t\t\t<iframe loading=\"lazy\"\n\t\t\t\t\tsrc=\"https:\/\/maps.google.com\/maps?q=2%20ALLEE%20DU%20PLATEAU%20%20TORCY%2077200&#038;t=m&#038;z=11&#038;output=embed&#038;iwloc=near\"\n\t\t\t\t\ttitle=\"2 ALLEE DU PLATEAU  TORCY 77200\"\n\t\t\t\t\taria-label=\"2 ALLEE DU PLATEAU  TORCY 77200\"\n\t\t\t><\/iframe>\n\t\t<\/div>\n\t\t\t\t<\/div>\n\t\t\t\t<\/div>\n\t\t\t\t\t<\/div>\n\t\t<\/div>\n\t\t\t\t\t\t\t<\/div>\n\t\t<\/section>\n\t\t\t\t\t\t\t<\/div>\n\t\t","protected":false},"excerpt":{"rendered":"<p>contact Laissez-nous un message Pr\u00e9nom Nom T\u00e9l\u00e9phone E-mail Sujet Message Fichier: E-mail contact@sana-distribution.fr Adresse 2 ALLEE DU&#8230;<\/p>\n","protected":false},"author":1,"featured_media":0,"parent":0,"menu_order":0,"comment_status":"closed","ping_status":"closed","template":"","meta":{"footnotes":""},"class_list":["post-25","page","type-page","status-publish","hentry"],"yoast_head":"<!-- This site is optimized with the Yoast SEO plugin v20.9 - https:\/\/yoast.com\/wordpress\/plugins\/seo\/ -->\n<title>Contact us - Sana Distribution<\/title>\n<meta name=\"robots\" content=\"index, follow, max-snippet:-1, max-image-preview:large, max-video-preview:-1\" \/>\n<link rel=\"canonical\" href=\"https:\/\/sana-distribution.fr\/index.php\/contact-us\/\" \/>\n<meta property=\"og:locale\" content=\"fr_FR\" \/>\n<meta property=\"og:type\" content=\"article\" \/>\n<meta property=\"og:title\" content=\"Contact us - Sana Distribution\" \/>\n<meta property=\"og:description\" content=\"contact Laissez-nous un message Pr\u00e9nom Nom T\u00e9l\u00e9phone E-mail Sujet Message Fichier: E-mail contact@sana-distribution.fr Adresse 2 ALLEE DU...\" \/>\n<meta property=\"og:url\" content=\"https:\/\/sana-distribution.fr\/index.php\/contact-us\/\" \/>\n<meta property=\"og:site_name\" content=\"Sana Distribution\" \/>\n<meta property=\"article:modified_time\" content=\"2026-04-04T10:07:07+00:00\" \/>\n<meta property=\"og:image\" content=\"https:\/\/sana-distribution.fr\/wp-content\/uploads\/2022\/02\/Icon12.jpeg\" \/>\n<meta name=\"twitter:card\" content=\"summary_large_image\" \/>\n<meta name=\"twitter:label1\" content=\"Dur\u00e9e de lecture estim\u00e9e\" \/>\n\t<meta name=\"twitter:data1\" content=\"1 minute\" \/>\n<script type=\"application\/ld+json\" class=\"yoast-schema-graph\">{\"@context\":\"https:\/\/schema.org\",\"@graph\":[{\"@type\":\"WebPage\",\"@id\":\"https:\/\/sana-distribution.fr\/index.php\/contact-us\/\",\"url\":\"https:\/\/sana-distribution.fr\/index.php\/contact-us\/\",\"name\":\"Contact us - Sana Distribution\",\"isPartOf\":{\"@id\":\"https:\/\/sana-distribution.fr\/#website\"},\"datePublished\":\"2022-02-21T09:51:26+00:00\",\"dateModified\":\"2026-04-04T10:07:07+00:00\",\"breadcrumb\":{\"@id\":\"https:\/\/sana-distribution.fr\/index.php\/contact-us\/#breadcrumb\"},\"inLanguage\":\"fr-FR\",\"potentialAction\":[{\"@type\":\"ReadAction\",\"target\":[\"https:\/\/sana-distribution.fr\/index.php\/contact-us\/\"]}]},{\"@type\":\"BreadcrumbList\",\"@id\":\"https:\/\/sana-distribution.fr\/index.php\/contact-us\/#breadcrumb\",\"itemListElement\":[{\"@type\":\"ListItem\",\"position\":1,\"name\":\"Home\",\"item\":\"https:\/\/sana-distribution.fr\/\"},{\"@type\":\"ListItem\",\"position\":2,\"name\":\"Contact us\"}]},{\"@type\":\"WebSite\",\"@id\":\"https:\/\/sana-distribution.fr\/#website\",\"url\":\"https:\/\/sana-distribution.fr\/\",\"name\":\"Sana Distribution\",\"description\":\"\",\"publisher\":{\"@id\":\"https:\/\/sana-distribution.fr\/#organization\"},\"potentialAction\":[{\"@type\":\"SearchAction\",\"target\":{\"@type\":\"EntryPoint\",\"urlTemplate\":\"https:\/\/sana-distribution.fr\/?s={search_term_string}\"},\"query-input\":\"required name=search_term_string\"}],\"inLanguage\":\"fr-FR\"},{\"@type\":\"Organization\",\"@id\":\"https:\/\/sana-distribution.fr\/#organization\",\"name\":\"Sana Distribution\",\"url\":\"https:\/\/sana-distribution.fr\/\",\"logo\":{\"@type\":\"ImageObject\",\"inLanguage\":\"fr-FR\",\"@id\":\"https:\/\/sana-distribution.fr\/#\/schema\/logo\/image\/\",\"url\":\"https:\/\/sana-distribution.fr\/wp-content\/uploads\/2022\/02\/cropped-Sana1.png\",\"contentUrl\":\"https:\/\/sana-distribution.fr\/wp-content\/uploads\/2022\/02\/cropped-Sana1.png\",\"width\":512,\"height\":512,\"caption\":\"Sana Distribution\"},\"image\":{\"@id\":\"https:\/\/sana-distribution.fr\/#\/schema\/logo\/image\/\"}}]}<\/script>\n<!-- \/ Yoast SEO plugin. -->","yoast_head_json":{"title":"Contact us - Sana Distribution","robots":{"index":"index","follow":"follow","max-snippet":"max-snippet:-1","max-image-preview":"max-image-preview:large","max-video-preview":"max-video-preview:-1"},"canonical":"https:\/\/sana-distribution.fr\/index.php\/contact-us\/","og_locale":"fr_FR","og_type":"article","og_title":"Contact us - Sana Distribution","og_description":"contact Laissez-nous un message Pr\u00e9nom Nom T\u00e9l\u00e9phone E-mail Sujet Message Fichier: E-mail contact@sana-distribution.fr Adresse 2 ALLEE DU...","og_url":"https:\/\/sana-distribution.fr\/index.php\/contact-us\/","og_site_name":"Sana Distribution","article_modified_time":"2026-04-04T10:07:07+00:00","og_image":[{"url":"https:\/\/sana-distribution.fr\/wp-content\/uploads\/2022\/02\/Icon12.jpeg"}],"twitter_card":"summary_large_image","twitter_misc":{"Dur\u00e9e de lecture estim\u00e9e":"1 minute"},"schema":{"@context":"https:\/\/schema.org","@graph":[{"@type":"WebPage","@id":"https:\/\/sana-distribution.fr\/index.php\/contact-us\/","url":"https:\/\/sana-distribution.fr\/index.php\/contact-us\/","name":"Contact us - Sana Distribution","isPartOf":{"@id":"https:\/\/sana-distribution.fr\/#website"},"datePublished":"2022-02-21T09:51:26+00:00","dateModified":"2026-04-04T10:07:07+00:00","breadcrumb":{"@id":"https:\/\/sana-distribution.fr\/index.php\/contact-us\/#breadcrumb"},"inLanguage":"fr-FR","potentialAction":[{"@type":"ReadAction","target":["https:\/\/sana-distribution.fr\/index.php\/contact-us\/"]}]},{"@type":"BreadcrumbList","@id":"https:\/\/sana-distribution.fr\/index.php\/contact-us\/#breadcrumb","itemListElement":[{"@type":"ListItem","position":1,"name":"Home","item":"https:\/\/sana-distribution.fr\/"},{"@type":"ListItem","position":2,"name":"Contact us"}]},{"@type":"WebSite","@id":"https:\/\/sana-distribution.fr\/#website","url":"https:\/\/sana-distribution.fr\/","name":"Sana Distribution","description":"","publisher":{"@id":"https:\/\/sana-distribution.fr\/#organization"},"potentialAction":[{"@type":"SearchAction","target":{"@type":"EntryPoint","urlTemplate":"https:\/\/sana-distribution.fr\/?s={search_term_string}"},"query-input":"required name=search_term_string"}],"inLanguage":"fr-FR"},{"@type":"Organization","@id":"https:\/\/sana-distribution.fr\/#organization","name":"Sana Distribution","url":"https:\/\/sana-distribution.fr\/","logo":{"@type":"ImageObject","inLanguage":"fr-FR","@id":"https:\/\/sana-distribution.fr\/#\/schema\/logo\/image\/","url":"https:\/\/sana-distribution.fr\/wp-content\/uploads\/2022\/02\/cropped-Sana1.png","contentUrl":"https:\/\/sana-distribution.fr\/wp-content\/uploads\/2022\/02\/cropped-Sana1.png","width":512,"height":512,"caption":"Sana Distribution"},"image":{"@id":"https:\/\/sana-distribution.fr\/#\/schema\/logo\/image\/"}}]}},"_links":{"self":[{"href":"https:\/\/sana-distribution.fr\/index.php\/wp-json\/wp\/v2\/pages\/25","targetHints":{"allow":["GET"]}}],"collection":[{"href":"https:\/\/sana-distribution.fr\/index.php\/wp-json\/wp\/v2\/pages"}],"about":[{"href":"https:\/\/sana-distribution.fr\/index.php\/wp-json\/wp\/v2\/types\/page"}],"author":[{"embeddable":true,"href":"https:\/\/sana-distribution.fr\/index.php\/wp-json\/wp\/v2\/users\/1"}],"replies":[{"embeddable":true,"href":"https:\/\/sana-distribution.fr\/index.php\/wp-json\/wp\/v2\/comments?post=25"}],"version-history":[{"count":30,"href":"https:\/\/sana-distribution.fr\/index.php\/wp-json\/wp\/v2\/pages\/25\/revisions"}],"predecessor-version":[{"id":13662,"href":"https:\/\/sana-distribution.fr\/index.php\/wp-json\/wp\/v2\/pages\/25\/revisions\/13662"}],"wp:attachment":[{"href":"https:\/\/sana-distribution.fr\/index.php\/wp-json\/wp\/v2\/media?parent=25"}],"curies":[{"name":"wp","href":"https:\/\/api.w.org\/{rel}","templated":true}]}}